{"id":31,"date":"2025-05-16T13:27:29","date_gmt":"2025-05-16T11:27:29","guid":{"rendered":"https:\/\/www.aisembly.de\/?page_id=31"},"modified":"2025-05-17T11:11:45","modified_gmt":"2025-05-17T09:11:45","slug":"blog","status":"publish","type":"page","link":"https:\/\/www.aisembly.de\/?page_id=31","title":{"rendered":"Blog"},"content":{"rendered":"<ul class=\"wp-block-latest-posts__list wp-block-latest-posts\"><li><a class=\"wp-block-latest-posts__post-title\" href=\"https:\/\/www.aisembly.de\/?p=38\">Ressourcenverschwendung erkennen mit AI-Dashboard L\u00f6sungen: So optimieren Sie Ihren Verbrauch<\/a><\/li>\n<li><a class=\"wp-block-latest-posts__post-title\" href=\"https:\/\/www.aisembly.de\/?p=41\">Welche Vorteile AI-gesteuerte Arbeitsprozesse bieten: Echte Effizienzgewinne statt leerer Versprechen<\/a><\/li>\n<li><a class=\"wp-block-latest-posts__post-title\" href=\"https:\/\/www.aisembly.de\/?p=35\">Wie K\u00fcnstliche Intelligenz Prozesse im Mittelstand automatisiert: Praxisnahe L\u00f6sungen f\u00fcr echte Effizienzgewinne<\/a><\/li>\n<\/ul>\n\n\n<p><\/p>\n","protected":false},"excerpt":{"rendered":"","protected":false},"author":1,"featured_media":0,"parent":0,"menu_order":0,"comment_status":"closed","ping_status":"closed","template":"","meta":{"footnotes":""},"class_list":["post-31","page","type-page","status-publish","hentry"],"_links":{"self":[{"href":"https:\/\/www.aisembly.de\/index.php?rest_route=\/wp\/v2\/pages\/31","targetHints":{"allow":["GET"]}}],"collection":[{"href":"https:\/\/www.aisembly.de\/index.php?rest_route=\/wp\/v2\/pages"}],"about":[{"href":"https:\/\/www.aisembly.de\/index.php?rest_route=\/wp\/v2\/types\/page"}],"author":[{"embeddable":true,"href":"https:\/\/www.aisembly.de\/index.php?rest_route=\/wp\/v2\/users\/1"}],"replies":[{"embeddable":true,"href":"https:\/\/www.aisembly.de\/index.php?rest_route=%2Fwp%2Fv2%2Fcomments&post=31"}],"version-history":[{"count":2,"href":"https:\/\/www.aisembly.de\/index.php?rest_route=\/wp\/v2\/pages\/31\/revisions"}],"predecessor-version":[{"id":84,"href":"https:\/\/www.aisembly.de\/index.php?rest_route=\/wp\/v2\/pages\/31\/revisions\/84"}],"wp:attachment":[{"href":"https:\/\/www.aisembly.de\/index.php?rest_route=%2Fwp%2Fv2%2Fmedia&parent=31"}],"curies":[{"name":"wp","href":"https:\/\/api.w.org\/{rel}","templated":true}]}}